{"id":43,"date":"2025-11-25T22:52:57","date_gmt":"2025-11-25T22:52:57","guid":{"rendered":"https:\/\/cms-soft.com.ar\/clientes\/?post_type=product&#038;p=43"},"modified":"2026-03-01T18:00:09","modified_gmt":"2026-03-01T18:00:09","slug":"ebook-gestionempresarialinteligente","status":"publish","type":"product","link":"https:\/\/cms-soft.com.ar\/clientes\/producto\/ebook-gestionempresarialinteligente\/","title":{"rendered":"Ebook Gesti\u00f3n Empresarial Inteligente"},"content":{"rendered":"<p>Gu\u00eda pr\u00e1ctica sobre la gesti\u00f3n de tu emprendimiento o empresa.<\/p>\n<p>descarga el temario aqui:\u00a0<a href=\"https:\/\/cms-soft.com.ar\/eBook\/Folleto%20Ebook.pdf\" target=\"_blank\" rel=\"noopener\">Temario del eBook<\/a><\/p>\n<p>&nbsp;<\/p>\n<p><img fetchpriority=\"high\" decoding=\"async\" class=\"alignnone\" src=\"https:\/\/cms-soft.com.ar\/eBook\/portada%20ebook.png\" alt=\"Portada del eBook Gesti\u00f3n\" width=\"984\" height=\"1392\" \/><\/p>\n","protected":false},"excerpt":{"rendered":"<p>Gu\u00eda pr\u00e1ctica sobre la gesti\u00f3n de tu emprendimiento o empresa.<\/p>\n<p>descarga el temario aqui:\u00a0<a href=\"https:\/\/cms-soft.com.ar\/eBook\/Folleto%20Ebook.pdf\" target=\"_blank\" rel=\"noopener\">Temario del eBook<\/a><\/p>\n<p><img decoding=\"async\" class=\"alignnone size-medium\" src=\"https:\/\/cms-soft.com.ar\/eBook\/portada%20ebook.png\" alt=\"portada ebook gestion empresarial inteligente\" width=\"2828\" height=\"4000\" \/><\/p>\n","protected":false},"featured_media":44,"comment_status":"open","ping_status":"closed","template":"","meta":{"_kadence_starter_templates_imported_post":false},"product_brand":[],"product_cat":[16],"product_tag":[],"class_list":{"0":"post-43","1":"product","2":"type-product","3":"status-publish","4":"has-post-thumbnail","6":"product_cat-sin-categorizar","8":"first","9":"instock","10":"downloadable","11":"virtual","12":"purchasable","13":"product-type-simple"},"_links":{"self":[{"href":"https:\/\/cms-soft.com.ar\/clientes\/wp-json\/wp\/v2\/product\/43","targetHints":{"allow":["GET"]}}],"collection":[{"href":"https:\/\/cms-soft.com.ar\/clientes\/wp-json\/wp\/v2\/product"}],"about":[{"href":"https:\/\/cms-soft.com.ar\/clientes\/wp-json\/wp\/v2\/types\/product"}],"replies":[{"embeddable":true,"href":"https:\/\/cms-soft.com.ar\/clientes\/wp-json\/wp\/v2\/comments?post=43"}],"wp:featuredmedia":[{"embeddable":true,"href":"https:\/\/cms-soft.com.ar\/clientes\/wp-json\/wp\/v2\/media\/44"}],"wp:attachment":[{"href":"https:\/\/cms-soft.com.ar\/clientes\/wp-json\/wp\/v2\/media?parent=43"}],"wp:term":[{"taxonomy":"product_brand","embeddable":true,"href":"https:\/\/cms-soft.com.ar\/clientes\/wp-json\/wp\/v2\/product_brand?post=43"},{"taxonomy":"product_cat","embeddable":true,"href":"https:\/\/cms-soft.com.ar\/clientes\/wp-json\/wp\/v2\/product_cat?post=43"},{"taxonomy":"product_tag","embeddable":true,"href":"https:\/\/cms-soft.com.ar\/clientes\/wp-json\/wp\/v2\/product_tag?post=43"}],"curies":[{"name":"wp","href":"https:\/\/api.w.org\/{rel}","templated":true}]}}